{"id":238,"date":"2018-10-31T05:16:19","date_gmt":"2018-10-31T05:16:19","guid":{"rendered":"http:\/\/webquangtung.ezhotel.vn\/?page_id=238"},"modified":"2018-12-19T03:25:52","modified_gmt":"2018-12-19T03:25:52","slug":"tour-info","status":"publish","type":"page","link":"https:\/\/quangtunghotel.com\/vi\/tour-info\/","title":{"rendered":"Khuy\u1ebfn m\u00e3i"},"content":{"rendered":"<p>\u0110\u1ebfn v\u1edbi C\u00e1t B\u00e0, du kh\u00e1ch kh\u00f4ng th\u1ec3 b\u1ecf qua nh\u1eefng \u0111\u1ecba danh n\u1ed5i ti\u1ebfng nh\u01b0 v\u1ecbnh Lan H\u1ea1, l\u00e0ng ch\u00e0i Vi\u1ec7t H\u1ea3i hay kh\u00e1m ph\u00e1 v\u01b0\u1eddn qu\u1ed1c gia C\u00e1t B\u00e0,&#8230;Quang T\u00f9ng s\u1ebd cung c\u1ea5p cho kh\u00e1ch l\u01b0u tr\u00fa d\u1ecbch v\u1ee5 Tours ch\u1ea5t l\u01b0\u1ee3ng cao, gi\u00e1 c\u1ea3 h\u1ee3p l\u00fd gi\u00fap k\u1ef3 ngh\u1ec9 c\u1ee7a kh\u00e1ch c\u00e0ng tr\u1edf n\u00ean l\u00fd th\u00fa v\u00e0 ho\u00e0n h\u1ea3o<\/p>\n<p>Xin h\u00e3y li\u00ean h\u1ec7 kh\u00e1ch s\u1ea1n theo th\u00f4ng tin sau:<\/p>\n<p>Email: quangtunghotelcatba@gmail.com<br \/>\nHotline: (+84) 2253.688.589 &#8211; 0869500062 <\/p>","protected":false},"excerpt":{"rendered":"<p>\u0110\u1ebfn v\u1edbi C\u00e1t B\u00e0, du kh\u00e1ch kh\u00f4ng th\u1ec3 b\u1ecf qua nh\u1eefng \u0111\u1ecba danh n\u1ed5i ti\u1ebfng nh\u01b0 v\u1ecbnh Lan H\u1ea1, l\u00e0ng ch\u00e0i Vi\u1ec7t H\u1ea3i hay kh\u00e1m ph\u00e1 v\u01b0\u1eddn qu\u1ed1c gia C\u00e1t &#8230;<\/p>\n","protected":false},"author":1,"featured_media":0,"parent":0,"menu_order":0,"comment_status":"closed","ping_status":"closed","template":"","meta":[],"_links":{"self":[{"href":"https:\/\/quangtunghotel.com\/vi\/wp-json\/wp\/v2\/pages\/238"}],"collection":[{"href":"https:\/\/quangtunghotel.com\/vi\/wp-json\/wp\/v2\/pages"}],"about":[{"href":"https:\/\/quangtunghotel.com\/vi\/wp-json\/wp\/v2\/types\/page"}],"author":[{"embeddable":true,"href":"https:\/\/quangtunghotel.com\/vi\/wp-json\/wp\/v2\/users\/1"}],"replies":[{"embeddable":true,"href":"https:\/\/quangtunghotel.com\/vi\/wp-json\/wp\/v2\/comments?post=238"}],"version-history":[{"count":7,"href":"https:\/\/quangtunghotel.com\/vi\/wp-json\/wp\/v2\/pages\/238\/revisions"}],"predecessor-version":[{"id":404,"href":"https:\/\/quangtunghotel.com\/vi\/wp-json\/wp\/v2\/pages\/238\/revisions\/404"}],"wp:attachment":[{"href":"https:\/\/quangtunghotel.com\/vi\/wp-json\/wp\/v2\/media?parent=238"}],"curies":[{"name":"wp","href":"https:\/\/api.w.org\/{rel}","templated":true}]}}